{"id":10,"date":"2025-11-06T19:34:23","date_gmt":"2025-11-06T18:34:23","guid":{"rendered":"https:\/\/kheminos.com\/?page_id=10"},"modified":"2026-02-13T15:36:29","modified_gmt":"2026-02-13T14:36:29","slug":"a-propos","status":"publish","type":"page","link":"https:\/\/kheminos.com\/index.php\/a-propos\/","title":{"rendered":"\u00c0 propos"},"content":{"rendered":"\n<div style=\"height:30px\" aria-hidden=\"true\" class=\"wp-block-spacer\"><\/div>\n\n\n\n<h2 class=\"wp-block-heading has-text-align-center\" style=\"letter-spacing:-0.5px\">Une approche personnalis\u00e9e, fond\u00e9e sur l&rsquo;\u00e9coute<\/h2>\n\n\n\n<div style=\"height:4px\" aria-hidden=\"true\" class=\"wp-block-spacer\"><\/div>\n\n\n\n<div style=\"height:50px\" aria-hidden=\"true\" class=\"wp-block-spacer\"><\/div>\n\n\n\n<h3 class=\"wp-block-heading has-text-align-center\" style=\"letter-spacing:-0.5px\">Qui se cache derri\u00e8re Kheminos ?<\/h3>\n\n\n\n<div style=\"height:10px\" aria-hidden=\"true\" class=\"wp-block-spacer\"><\/div>\n\n\n\n<div class=\"wp-block-columns is-layout-flex wp-container-core-columns-is-layout-28f84493 wp-block-columns-is-layout-flex\">\n<div class=\"wp-block-column is-layout-flow wp-block-column-is-layout-flow\">\n<p style=\"padding-top:0;padding-right:0;padding-bottom:0;padding-left:0;letter-spacing:-0.5px;line-height:1.5\">Je m\u2019appelle Gr\u00e9gory, chimiste de formation.<br>Depuis toujours, je cherche \u00e0 comprendre la composition du monde qui nous entoure, la fa\u00e7on dont la mati\u00e8re interagit avec le vivant, et comment l\u2019\u00eatre humain transforme ces connaissances en produits utiles \u00e0 son quotidien. Cette curiosit\u00e9 m\u2019a naturellement conduit vers le d\u00e9veloppement produit : cr\u00e9er ou am\u00e9liorer des produits qui r\u00e9pondent r\u00e9ellement aux besoins des utilisateurs, tout en garantissant leur s\u00e9curit\u00e9 d\u2019usage. Une s\u00e9curit\u00e9 qui ne d\u00e9pend pas du hasard, mais d\u2019un cadre : la r\u00e9glementation.<\/p>\n\n\n\n<p style=\"padding-top:0;padding-right:0;padding-bottom:0;padding-left:0;letter-spacing:-0.5px\">Depuis 2017, j\u2019\u00e9volue dans le secteur non alimentaire comme professionnel de la qualit\u00e9, au plus pr\u00e8s des enjeux op\u00e9rationnels, techniques et r\u00e9glementaires des entreprises. <\/p>\n\n\n\n<p style=\"padding-top:0;padding-right:0;padding-bottom:0;padding-left:0;letter-spacing:-0.5px\">Au fil des ann\u00e9es, j\u2019ai d\u00e9velopp\u00e9 une expertise approfondie en r\u00e9glementation REACH et CLP, ainsi qu\u2019une solide connaissance des cadres biocides, cosm\u00e9tiques et d\u00e9tergents. Ces sujets ont occup\u00e9 une place centrale dans mes missions : classifications, analyses de formulations, obligations li\u00e9es \u00e0 l\u2019importation, veille r\u00e9glementaire\u2026<\/p>\n\n\n\n<p style=\"padding-top:0;padding-right:0;padding-bottom:0;padding-left:0;letter-spacing:-0.5px\">Autant de d\u00e9fis concrets qui m\u2019ont conduit \u00e0 structurer des processus robustes, \u00e0 former des \u00e9quipes et \u00e0 clarifier des responsabilit\u00e9s parfois complexes.<\/p>\n\n\n\n<p style=\"padding-top:0;padding-right:0;padding-bottom:0;padding-left:0;letter-spacing:-0.5px\">Ce parcours m\u2019a appris une chose essentielle : la r\u00e9glementation ne doit pas \u00eatre une zone d\u2019ombre, mais peut devenir un levier d\u2019am\u00e9lioration continue.<\/p>\n<\/div>\n\n\n\n<div class=\"wp-block-column is-layout-flow wp-block-column-is-layout-flow\">\n<figure class=\"wp-block-image aligncenter size-full is-resized has-custom-border is-style-default\"><img loading=\"lazy\" decoding=\"async\" width=\"605\" height=\"708\" src=\"https:\/\/kheminos.com\/wp-content\/uploads\/2026\/01\/Photo-de-profil.jpg\" alt=\"\" class=\"wp-image-119\" style=\"border-top-left-radius:20px;border-top-right-radius:20px;border-bottom-left-radius:20px;border-bottom-right-radius:20px;aspect-ratio:0.8545148847789537;width:509px;height:auto\" srcset=\"https:\/\/kheminos.com\/wp-content\/uploads\/2026\/01\/Photo-de-profil.jpg 605w, https:\/\/kheminos.com\/wp-content\/uploads\/2026\/01\/Photo-de-profil-256x300.jpg 256w\" sizes=\"auto, (max-width: 605px) 100vw, 605px\" \/><\/figure>\n<\/div>\n<\/div>\n\n\n\n<div class=\"wp-block-columns is-layout-flex wp-container-core-columns-is-layout-28f84493 wp-block-columns-is-layout-flex\">\n<div class=\"wp-block-column is-layout-flow wp-block-column-is-layout-flow\">\n<h3 class=\"wp-block-heading has-text-align-center\" style=\"letter-spacing:-0.5px\">Pourquoi Kheminos a \u00e9t\u00e9 cr\u00e9e ?<\/h3>\n<\/div>\n\n\n\n<div class=\"wp-block-column is-layout-flow wp-block-column-is-layout-flow\">\n<h3 class=\"wp-block-heading has-text-align-center\" style=\"letter-spacing:-0.5px\">Comment travaillons nous ?<\/h3>\n<\/div>\n<\/div>\n\n\n\n<div class=\"wp-block-columns is-layout-flex wp-container-core-columns-is-layout-28f84493 wp-block-columns-is-layout-flex\">\n<div class=\"wp-block-column is-layout-flow wp-block-column-is-layout-flow\">\n<p style=\"letter-spacing:-0.5px\">La soci\u00e9t\u00e9 Kheminos est n\u00e9e d\u2019un constat : la r\u00e9glementation chimique devient de plus en plus exigeante, et pourtant, peu de structures disposent r\u00e9ellement des outils ou du temps pour y r\u00e9pondre sereinement.<\/p>\n\n\n\n<p style=\"letter-spacing:-0.5px\">L&rsquo;objectif de Kheminos est d\u2019accompagner ceux qui doivent s\u2019y conformer, sans les noyer dans un vocabulaire compliqu\u00e9, ni dans des d\u00e9marches disproportionn\u00e9es.<\/p>\n\n\n\n<p style=\"letter-spacing:-0.5px\">Nous aidons les entreprises \u00e0 comprendre leurs responsabilit\u00e9s, \u00e0 structurer leurs donn\u00e9es et \u00e0 construire une conformit\u00e9 stable, durable et capable de s&rsquo;adapter aux \u00e9volutions.<\/p>\n\n\n\n<p style=\"letter-spacing:-0.5px\">En rendant la r\u00e9glementation plus lisible, elle devient aussi plus strat\u00e9gique : elle permet de d\u00e9cider avec pr\u00e9cision, de gagner en autonomie et de renforcer la confiance \u00e0 chaque \u00e9tape de la vie de l&rsquo;entreprise, de la relation avec le fournisseur jusqu&rsquo;au consommateur final.<\/p>\n\n\n\n<p style=\"letter-spacing:-0.5px\">Au travers de Kheminos, nous partageons l&rsquo;ambition de rendre la conformit\u00e9 fluide et accessible, avec la conviction qu&rsquo;elle peut devenir une v\u00e9ritable force, un moteur de confiance, de s\u00e9curit\u00e9 et de progr\u00e8s durable.<\/p>\n<\/div>\n\n\n\n<div class=\"wp-block-column is-layout-flow wp-block-column-is-layout-flow\">\n<p style=\"letter-spacing:-0.5px\">Pour vous aider \u00e0 reprendre la main sur vos donn\u00e9es et vos responsabilit\u00e9s, chaque prestation est r\u00e9alis\u00e9e sur mesure. <\/p>\n\n\n\n<p style=\"letter-spacing:-0.5px\">La prestation s\u2019adapte \u00e0 vos priorit\u00e9s op\u00e9rationnelles et au niveau de ma\u00eetrise r\u00e9glementaire de votre entreprise. <\/p>\n\n\n\n<p style=\"letter-spacing:-0.5px\">Plut\u00f4t que de proposer une solution standardis\u00e9e, nous prenons le temps de comprendre votre fonctionnement, vos contraintes et la maturit\u00e9 r\u00e9elle de votre organisation.<\/p>\n\n\n\n<p style=\"letter-spacing:-0.5px\">Une premi\u00e8re rencontre peut avoir lieu en pr\u00e9sentiel au sein de votre soci\u00e9t\u00e9 pour saisir pleinement votre p\u00e9rim\u00e8tre et vos enjeux. Nous clarifions ensemble vos responsabilit\u00e9s, et nous proposons des pistes adapt\u00e9es pour y r\u00e9pondre.<\/p>\n\n\n\n<p style=\"letter-spacing:-0.5px\">L\u2019accompagnement se poursuit ensuite majoritairement \u00e0 distance, en fonction des solutions que vous choisissez de mettre en \u0153uvre. Notre r\u00f4le est de vous apporter de la structure, du sens et de ma\u00eetrise, pour vous permettre d\u2019avancer avec confiance et exigence.<\/p>\n<\/div>\n<\/div>\n\n\n\n<div class=\"wp-block-group has-background is-layout-constrained wp-container-core-group-is-layout-7c788f91 wp-block-group-is-layout-constrained\" style=\"background-color:#f7f3ee;margin-top:0;margin-bottom:0;padding-top:var(--wp--preset--spacing--50);padding-right:var(--wp--preset--spacing--50);padding-bottom:var(--wp--preset--spacing--50);padding-left:var(--wp--preset--spacing--50)\">\n<h3 class=\"wp-block-heading has-text-align-center\">Recommandations professionnelles<\/h3>\n\n\n\n\n<\/div>\n\n\n\n<div style=\"height:50px\" aria-hidden=\"true\" class=\"wp-block-spacer\"><\/div>\n\n\n\n<p class=\"has-text-align-center\"><strong>Pour Kheminos, \u00e9couter avec sinc\u00e9rit\u00e9, c&rsquo;est d\u00e9j\u00e0 faire un pas vers une solution adapt\u00e9e<\/strong><\/p>\n\n\n\n<div style=\"height:20px\" aria-hidden=\"true\" class=\"wp-block-spacer\"><\/div>\n","protected":false},"excerpt":{"rendered":"<p>Une approche personnalis\u00e9e, fond\u00e9e sur l&rsquo;\u00e9coute Qui se cache derri\u00e8re Kheminos ? Je m\u2019appelle Gr\u00e9gory, chimiste de formation.Depuis toujours, je [&hellip;]<\/p>\n","protected":false},"author":1,"featured_media":0,"parent":0,"menu_order":0,"comment_status":"closed","ping_status":"closed","template":"","meta":{"site-sidebar-layout":"default","site-content-layout":"","ast-site-content-layout":"default","site-content-style":"default","site-sidebar-style":"default","ast-global-header-display":"","ast-banner-title-visibility":"","ast-main-header-display":"","ast-hfb-above-header-display":"","ast-hfb-below-header-display":"","ast-hfb-mobile-header-display":"","site-post-title":"disabled","ast-breadcrumbs-content":"","ast-featured-img":"","footer-sml-layout":"","theme-transparent-header-meta":"","adv-header-id-meta":"","stick-header-meta":"","header-above-stick-meta":"","header-main-stick-meta":"","header-below-stick-meta":"","astra-migrate-meta-layouts":"default","ast-page-background-enabled":"default","ast-page-background-meta":{"desktop":{"background-color":"var(--ast-global-color-5)","background-image":"","background-repeat":"repeat","background-position":"center center","background-size":"auto","background-attachment":"scroll","background-type":"","background-media":"","overlay-type":"","overlay-color":"","overlay-opacity":"","overlay-gradient":""},"tablet":{"background-color":"","background-image":"","background-repeat":"repeat","background-position":"center center","background-size":"auto","background-attachment":"scroll","background-type":"","background-media":"","overlay-type":"","overlay-color":"","overlay-opacity":"","overlay-gradient":""},"mobile":{"background-color":"","background-image":"","background-repeat":"repeat","background-position":"center center","background-size":"auto","background-attachment":"scroll","background-type":"","background-media":"","overlay-type":"","overlay-color":"","overlay-opacity":"","overlay-gradient":""}},"ast-content-background-meta":{"desktop":{"background-color":"var(--ast-global-color-4)","background-image":"","background-repeat":"repeat","background-position":"center center","background-size":"auto","background-attachment":"scroll","background-type":"","background-media":"","overlay-type":"","overlay-color":"","overlay-opacity":"","overlay-gradient":""},"tablet":{"background-color":"var(--ast-global-color-4)","background-image":"","background-repeat":"repeat","background-position":"center center","background-size":"auto","background-attachment":"scroll","background-type":"","background-media":"","overlay-type":"","overlay-color":"","overlay-opacity":"","overlay-gradient":""},"mobile":{"background-color":"var(--ast-global-color-4)","background-image":"","background-repeat":"repeat","background-position":"center center","background-size":"auto","background-attachment":"scroll","background-type":"","background-media":"","overlay-type":"","overlay-color":"","overlay-opacity":"","overlay-gradient":""}},"footnotes":""},"class_list":["post-10","page","type-page","status-publish","hentry"],"_links":{"self":[{"href":"https:\/\/kheminos.com\/index.php\/wp-json\/wp\/v2\/pages\/10","targetHints":{"allow":["GET"]}}],"collection":[{"href":"https:\/\/kheminos.com\/index.php\/wp-json\/wp\/v2\/pages"}],"about":[{"href":"https:\/\/kheminos.com\/index.php\/wp-json\/wp\/v2\/types\/page"}],"author":[{"embeddable":true,"href":"https:\/\/kheminos.com\/index.php\/wp-json\/wp\/v2\/users\/1"}],"replies":[{"embeddable":true,"href":"https:\/\/kheminos.com\/index.php\/wp-json\/wp\/v2\/comments?post=10"}],"version-history":[{"count":34,"href":"https:\/\/kheminos.com\/index.php\/wp-json\/wp\/v2\/pages\/10\/revisions"}],"predecessor-version":[{"id":151,"href":"https:\/\/kheminos.com\/index.php\/wp-json\/wp\/v2\/pages\/10\/revisions\/151"}],"wp:attachment":[{"href":"https:\/\/kheminos.com\/index.php\/wp-json\/wp\/v2\/media?parent=10"}],"curies":[{"name":"wp","href":"https:\/\/api.w.org\/{rel}","templated":true}]}}