{"id":12,"date":"2025-11-06T19:34:40","date_gmt":"2025-11-06T18:34:40","guid":{"rendered":"https:\/\/kheminos.com\/?page_id=12"},"modified":"2026-02-18T11:56:53","modified_gmt":"2026-02-18T10:56:53","slug":"services","status":"publish","type":"page","link":"https:\/\/kheminos.com\/index.php\/services\/","title":{"rendered":"Services"},"content":{"rendered":"\n<div style=\"height:30px\" aria-hidden=\"true\" class=\"wp-block-spacer\"><\/div>\n\n\n\n<h2 class=\"wp-block-heading has-text-align-center\" style=\"letter-spacing:-0.5px\">Une expertise r\u00e9glementaire adapt\u00e9e<\/h2>\n\n\n\n<div style=\"height:10px\" aria-hidden=\"true\" class=\"wp-block-spacer\"><\/div>\n\n\n\n<p class=\"has-text-align-center\" style=\"letter-spacing:-0.5px\">Chez Kheminos, chaque service est pens\u00e9 pour vous permettre de reprendre le contr\u00f4le sur vos obligations r\u00e9glementaires. De fa\u00e7on simplifi\u00e9e et expliqu\u00e9e.<\/p>\n\n\n\n<div class=\"wp-block-columns is-layout-flex wp-container-core-columns-is-layout-28f84493 wp-block-columns-is-layout-flex\">\n<div class=\"wp-block-column is-layout-flow wp-block-column-is-layout-flow\">\n<h3 class=\"wp-block-heading has-text-align-center\" style=\"letter-spacing:-0.5px\">Vous avez besoin d&rsquo;un cadre r\u00e9glementaire ou de pr\u00e9cisions sur vos responsabilit\u00e9s ?<\/h3>\n\n\n\n<div style=\"height:5px\" aria-hidden=\"true\" class=\"wp-block-spacer\"><\/div>\n\n\n\n<h4 class=\"wp-block-heading has-text-align-center\" style=\"letter-spacing:-0.5px\">Nous r\u00e9alisons un \u00e9tat des lieux de votre activit\u00e9 en regardant : <\/h4>\n\n\n\n<div style=\"height:5px\" aria-hidden=\"true\" class=\"wp-block-spacer\"><\/div>\n\n\n\n<ul class=\"wp-block-list\">\n<li style=\"letter-spacing:-0.5px\">Votre r\u00f4le dans REACh \/ CLP <\/li>\n\n\n\n<li style=\"letter-spacing:-0.5px\">Les missions de vos \u00e9quipes<\/li>\n\n\n\n<li style=\"letter-spacing:-0.5px\">Vos processus internes<\/li>\n\n\n\n<li style=\"letter-spacing:-0.5px\">Votre activit\u00e9 avec les fournisseurs et les clients<\/li>\n\n\n\n<li style=\"letter-spacing:-0.5px\">Vos services ou produits fournis<\/li>\n<\/ul>\n\n\n\n<p style=\"letter-spacing:-0.5px\">Cette premi\u00e8re \u00e9tape permet de faire le point sur vos obligations au titre des r\u00e8glements \u00e9tudi\u00e9s et de formuler les recommandations adapt\u00e9es.<\/p>\n\n\n\n<div style=\"height:5px\" aria-hidden=\"true\" class=\"wp-block-spacer\"><\/div>\n\n\n\n<h4 class=\"wp-block-heading has-text-align-center\" style=\"letter-spacing:-0.5px\">Nous \u00e9tudions la\/les solution(s) r\u00e9pondant \u00e0 votre besoin :<\/h4>\n\n\n\n<div style=\"height:5px\" aria-hidden=\"true\" class=\"wp-block-spacer\"><\/div>\n\n\n\n<ul class=\"wp-block-list\">\n<li style=\"letter-spacing:-0.5px\">D\u00e9finir vos responsabilit\u00e9s dans le cadre des r\u00e8glements<\/li>\n\n\n\n<li style=\"letter-spacing:-0.5px\">R\u00e9viser vos processus<\/li>\n\n\n\n<li style=\"letter-spacing:-0.5px\">Mettre en place une veille r\u00e9glementaire<\/li>\n\n\n\n<li style=\"letter-spacing:-0.5px\">Assurer la mise \u00e0 jour et la conformit\u00e9 des outils r\u00e9glementaires<\/li>\n\n\n\n<li style=\"letter-spacing:-0.5px\">Cr\u00e9er ou r\u00e9viser vos fiches de s\u00e9curit\u00e9 et les \u00e9tiquettes produits<\/li>\n\n\n\n<li style=\"letter-spacing:-0.5px\">Former vos \u00e9quipes aux exigences qui vous concernent<\/li>\n\n\n\n<li style=\"letter-spacing:-0.5px\">Apporter un support technique ponctuel<\/li>\n<\/ul>\n<\/div>\n\n\n\n<div class=\"wp-block-column is-layout-flow wp-block-column-is-layout-flow\">\n<h3 class=\"wp-block-heading has-text-align-center\" style=\"letter-spacing:-0.5px\">Vous recherchez une prestation cibl\u00e9e ? <\/h3>\n\n\n\n<div style=\"height:36.5px\" aria-hidden=\"true\" class=\"wp-block-spacer\"><\/div>\n\n\n\n<h4 class=\"wp-block-heading has-text-align-center\" style=\"letter-spacing:-0.5px\">Choisissez l&rsquo;une des prestations suivantes r\u00e9pondant aux besoins que vous avez identifi\u00e9 :<\/h4>\n\n\n\n<div style=\"height:1px\" aria-hidden=\"true\" class=\"wp-block-spacer\"><\/div>\n\n\n\n<ul class=\"wp-block-list\">\n<li style=\"letter-spacing:-0.5px\">V\u00e9rifier la mise \u00e0 jour de votre ensemble de FDS <\/li>\n\n\n\n<li style=\"letter-spacing:-0.5px\">Mettre en place une veille r\u00e9glementaire<\/li>\n\n\n\n<li style=\"letter-spacing:-0.5px\">Cr\u00e9er ou r\u00e9viser vos fiches de s\u00e9curit\u00e9 et les \u00e9tiquettes produits<\/li>\n\n\n\n<li style=\"letter-spacing:-0.5px\">R\u00e9aliser une formation sur une th\u00e9matique donn\u00e9e<\/li>\n\n\n\n<li style=\"letter-spacing:-0.5px\">Apporter un support technique ponctuel<\/li>\n<\/ul>\n<\/div>\n<\/div>\n\n\n\n<div style=\"height:10px\" aria-hidden=\"true\" class=\"wp-block-spacer\"><\/div>\n\n\n\n<h3 class=\"wp-block-heading has-text-align-left\">Notre approche :<\/h3>\n\n\n\n<p style=\"letter-spacing:-0.5px;line-height:1.5\">Le c\u0153ur de m\u00e9tier de Kheminos est le pilotage r\u00e9glementaire de votre portefeuille produits.<br>En compl\u00e9ment des prestations op\u00e9rationnelles pr\u00e9sent\u00e9es ci-dessus, nous structurons une approche globale de conformit\u00e9 visant \u00e0 anticiper les \u00e9volutions r\u00e9glementaires, en ma\u00eetriser les impacts et \u00e0 organiser les actions \u00e0 engager.<\/p>\n\n\n\n<p style=\"letter-spacing:-0.5px;line-height:1.5\">Cette approche vous permet de s\u00e9curiser durablement votre activit\u00e9, tout en conservant une parfaite lisibilit\u00e9 sur vos obligations.<\/p>\n\n\n\n<div style=\"height:50px\" aria-hidden=\"true\" class=\"wp-block-spacer\"><\/div>\n\n\n\n<h3 class=\"wp-block-heading has-text-align-center\" style=\"letter-spacing:-0.5px\">Deux chemins, une m\u00eame rigueur d&rsquo;accompagnement<\/h3>\n\n\n\n<p class=\"has-text-align-center\" style=\"letter-spacing:-0.5px\">Que vous ayez besoin d\u2019un cadre structurant ou d\u2019une intervention cibl\u00e9e, le parcours Kheminos s\u2019adapte \u00e0 votre niveau de connaissance r\u00e9glementaire. Chaque intervention de Kheminos donne lieu \u00e0 des livrables clairs, professionnels et pr\u00eats \u00e0 l\u2019emploi.<\/p>\n\n\n\n<div style=\"height:10px\" aria-hidden=\"true\" class=\"wp-block-spacer\"><\/div>\n\n\n\n<div style=\"height:0px\" aria-hidden=\"true\" class=\"wp-block-spacer\"><\/div>\n\n\n\n<figure class=\"wp-block-image aligncenter size-large\"><img decoding=\"async\" src=\"https:\/\/assets.softr-files.com\/applications\/59ab3c27-5808-4107-a822-6dac654798b7\/assets\/7252f911-d244-430f-a145-e7b4df7ecfeb.png\" alt=\"\"\/><\/figure>\n","protected":false},"excerpt":{"rendered":"<p>Une expertise r\u00e9glementaire adapt\u00e9e Chez Kheminos, chaque service est pens\u00e9 pour vous permettre de reprendre le contr\u00f4le sur vos obligations [&hellip;]<\/p>\n","protected":false},"author":1,"featured_media":0,"parent":0,"menu_order":0,"comment_status":"closed","ping_status":"closed","template":"","meta":{"site-sidebar-layout":"default","site-content-layout":"","ast-site-content-layout":"default","site-content-style":"default","site-sidebar-style":"default","ast-global-header-display":"","ast-banner-title-visibility":"","ast-main-header-display":"","ast-hfb-above-header-display":"","ast-hfb-below-header-display":"","ast-hfb-mobile-header-display":"","site-post-title":"disabled","ast-breadcrumbs-content":"","ast-featured-img":"","footer-sml-layout":"","theme-transparent-header-meta":"","adv-header-id-meta":"","stick-header-meta":"","header-above-stick-meta":"","header-main-stick-meta":"","header-below-stick-meta":"","astra-migrate-meta-layouts":"default","ast-page-background-enabled":"default","ast-page-background-meta":{"desktop":{"background-color":"var(--ast-global-color-5)","background-image":"","background-repeat":"repeat","background-position":"center center","background-size":"auto","background-attachment":"scroll","background-type":"","background-media":"","overlay-type":"","overlay-color":"","overlay-opacity":"","overlay-gradient":""},"tablet":{"background-color":"","background-image":"","background-repeat":"repeat","background-position":"center center","background-size":"auto","background-attachment":"scroll","background-type":"","background-media":"","overlay-type":"","overlay-color":"","overlay-opacity":"","overlay-gradient":""},"mobile":{"background-color":"","background-image":"","background-repeat":"repeat","background-position":"center center","background-size":"auto","background-attachment":"scroll","background-type":"","background-media":"","overlay-type":"","overlay-color":"","overlay-opacity":"","overlay-gradient":""}},"ast-content-background-meta":{"desktop":{"background-color":"var(--ast-global-color-4)","background-image":"","background-repeat":"repeat","background-position":"center center","background-size":"auto","background-attachment":"scroll","background-type":"","background-media":"","overlay-type":"","overlay-color":"","overlay-opacity":"","overlay-gradient":""},"tablet":{"background-color":"var(--ast-global-color-4)","background-image":"","background-repeat":"repeat","background-position":"center center","background-size":"auto","background-attachment":"scroll","background-type":"","background-media":"","overlay-type":"","overlay-color":"","overlay-opacity":"","overlay-gradient":""},"mobile":{"background-color":"var(--ast-global-color-4)","background-image":"","background-repeat":"repeat","background-position":"center center","background-size":"auto","background-attachment":"scroll","background-type":"","background-media":"","overlay-type":"","overlay-color":"","overlay-opacity":"","overlay-gradient":""}},"footnotes":""},"class_list":["post-12","page","type-page","status-publish","hentry"],"_links":{"self":[{"href":"https:\/\/kheminos.com\/index.php\/wp-json\/wp\/v2\/pages\/12","targetHints":{"allow":["GET"]}}],"collection":[{"href":"https:\/\/kheminos.com\/index.php\/wp-json\/wp\/v2\/pages"}],"about":[{"href":"https:\/\/kheminos.com\/index.php\/wp-json\/wp\/v2\/types\/page"}],"author":[{"embeddable":true,"href":"https:\/\/kheminos.com\/index.php\/wp-json\/wp\/v2\/users\/1"}],"replies":[{"embeddable":true,"href":"https:\/\/kheminos.com\/index.php\/wp-json\/wp\/v2\/comments?post=12"}],"version-history":[{"count":19,"href":"https:\/\/kheminos.com\/index.php\/wp-json\/wp\/v2\/pages\/12\/revisions"}],"predecessor-version":[{"id":162,"href":"https:\/\/kheminos.com\/index.php\/wp-json\/wp\/v2\/pages\/12\/revisions\/162"}],"wp:attachment":[{"href":"https:\/\/kheminos.com\/index.php\/wp-json\/wp\/v2\/media?parent=12"}],"curies":[{"name":"wp","href":"https:\/\/api.w.org\/{rel}","templated":true}]}}