{"id":14,"date":"2025-11-06T19:34:57","date_gmt":"2025-11-06T18:34:57","guid":{"rendered":"https:\/\/kheminos.com\/?page_id=14"},"modified":"2026-01-20T23:45:35","modified_gmt":"2026-01-20T22:45:35","slug":"contact","status":"publish","type":"page","link":"https:\/\/kheminos.com\/index.php\/contact\/","title":{"rendered":"Contact"},"content":{"rendered":"\n<div style=\"height:30px\" aria-hidden=\"true\" class=\"wp-block-spacer\"><\/div>\n\n\n\n<h2 class=\"wp-block-heading has-text-align-center\" style=\"letter-spacing:-0.5px\">Une \u00e9coute directe pour chaque demande<\/h2>\n\n\n\n<div style=\"height:10px\" aria-hidden=\"true\" class=\"wp-block-spacer\"><\/div>\n\n\n\n<p style=\"letter-spacing:-0.5px\">Chez Kheminos, chaque \u00e9change compte.<br>Pour toute question, besoin d\u2019\u00e9clairage r\u00e9glementaire ou projet sp\u00e9cifique, contactez nous directement \u00e0 l&rsquo;aide de l&rsquo;adresse ci-dessous :<\/p>\n\n\n\n<div style=\"height:5px\" aria-hidden=\"true\" class=\"wp-block-spacer\"><\/div>\n\n\n\n<p class=\"has-text-align-center\" style=\"letter-spacing:-0.5px\">\ud83d\udce7 <strong><a>contact@kheminos.com<\/a><\/strong><br><br><\/p>\n\n\n\n<p style=\"letter-spacing:-0.5px\">En cas de doute, n\u2019h\u00e9sitez pas \u00e0 me contacter. Un \u00e9change suffit souvent \u00e0 clarifier la situation.<br>Et si votre besoin rel\u00e8ve d\u2019un autre expert, vous serez orient\u00e9 vers la bonne ressource dans la mesure du possible.<\/p>\n\n\n\n<p><\/p>\n","protected":false},"excerpt":{"rendered":"<p>Une \u00e9coute directe pour chaque demande Chez Kheminos, chaque \u00e9change compte.Pour toute question, besoin d\u2019\u00e9clairage r\u00e9glementaire ou projet sp\u00e9cifique, contactez [&hellip;]<\/p>\n","protected":false},"author":1,"featured_media":0,"parent":0,"menu_order":0,"comment_status":"closed","ping_status":"closed","template":"","meta":{"site-sidebar-layout":"default","site-content-layout":"","ast-site-content-layout":"default","site-content-style":"default","site-sidebar-style":"default","ast-global-header-display":"","ast-banner-title-visibility":"","ast-main-header-display":"","ast-hfb-above-header-display":"","ast-hfb-below-header-display":"","ast-hfb-mobile-header-display":"","site-post-title":"disabled","ast-breadcrumbs-content":"","ast-featured-img":"","footer-sml-layout":"","theme-transparent-header-meta":"","adv-header-id-meta":"","stick-header-meta":"","header-above-stick-meta":"","header-main-stick-meta":"","header-below-stick-meta":"","astra-migrate-meta-layouts":"default","ast-page-background-enabled":"default","ast-page-background-meta":{"desktop":{"background-color":"var(--ast-global-color-5)","background-image":"","background-repeat":"repeat","background-position":"center center","background-size":"auto","background-attachment":"scroll","background-type":"","background-media":"","overlay-type":"","overlay-color":"","overlay-opacity":"","overlay-gradient":""},"tablet":{"background-color":"","background-image":"","background-repeat":"repeat","background-position":"center center","background-size":"auto","background-attachment":"scroll","background-type":"","background-media":"","overlay-type":"","overlay-color":"","overlay-opacity":"","overlay-gradient":""},"mobile":{"background-color":"","background-image":"","background-repeat":"repeat","background-position":"center center","background-size":"auto","background-attachment":"scroll","background-type":"","background-media":"","overlay-type":"","overlay-color":"","overlay-opacity":"","overlay-gradient":""}},"ast-content-background-meta":{"desktop":{"background-color":"var(--ast-global-color-4)","background-image":"","background-repeat":"repeat","background-position":"center center","background-size":"auto","background-attachment":"scroll","background-type":"","background-media":"","overlay-type":"","overlay-color":"","overlay-opacity":"","overlay-gradient":""},"tablet":{"background-color":"var(--ast-global-color-4)","background-image":"","background-repeat":"repeat","background-position":"center center","background-size":"auto","background-attachment":"scroll","background-type":"","background-media":"","overlay-type":"","overlay-color":"","overlay-opacity":"","overlay-gradient":""},"mobile":{"background-color":"var(--ast-global-color-4)","background-image":"","background-repeat":"repeat","background-position":"center center","background-size":"auto","background-attachment":"scroll","background-type":"","background-media":"","overlay-type":"","overlay-color":"","overlay-opacity":"","overlay-gradient":""}},"footnotes":""},"class_list":["post-14","page","type-page","status-publish","hentry"],"_links":{"self":[{"href":"https:\/\/kheminos.com\/index.php\/wp-json\/wp\/v2\/pages\/14","targetHints":{"allow":["GET"]}}],"collection":[{"href":"https:\/\/kheminos.com\/index.php\/wp-json\/wp\/v2\/pages"}],"about":[{"href":"https:\/\/kheminos.com\/index.php\/wp-json\/wp\/v2\/types\/page"}],"author":[{"embeddable":true,"href":"https:\/\/kheminos.com\/index.php\/wp-json\/wp\/v2\/users\/1"}],"replies":[{"embeddable":true,"href":"https:\/\/kheminos.com\/index.php\/wp-json\/wp\/v2\/comments?post=14"}],"version-history":[{"count":5,"href":"https:\/\/kheminos.com\/index.php\/wp-json\/wp\/v2\/pages\/14\/revisions"}],"predecessor-version":[{"id":143,"href":"https:\/\/kheminos.com\/index.php\/wp-json\/wp\/v2\/pages\/14\/revisions\/143"}],"wp:attachment":[{"href":"https:\/\/kheminos.com\/index.php\/wp-json\/wp\/v2\/media?parent=14"}],"curies":[{"name":"wp","href":"https:\/\/api.w.org\/{rel}","templated":true}]}}