{"id":56,"date":"2025-11-09T12:36:32","date_gmt":"2025-11-09T11:36:32","guid":{"rendered":"https:\/\/kheminos.com\/?page_id=56"},"modified":"2026-01-20T23:26:41","modified_gmt":"2026-01-20T22:26:41","slug":"nos-valeurs","status":"publish","type":"page","link":"https:\/\/kheminos.com\/index.php\/nos-valeurs\/","title":{"rendered":"Nos valeurs"},"content":{"rendered":"\n<div style=\"height:30px\" aria-hidden=\"true\" class=\"wp-block-spacer\"><\/div>\n\n\n\n<h2 class=\"wp-block-heading has-text-align-center\" style=\"letter-spacing:-0.5px\">Nos valeurs chez Kheminos<\/h2>\n\n\n\n<div style=\"height:10px\" aria-hidden=\"true\" class=\"wp-block-spacer\"><\/div>\n\n\n\n<p class=\"has-text-align-center\" style=\"letter-spacing:-0.5px\">Chez Kheminos, nous gardons toujours les m\u00eames rep\u00e8res : \u00eatre clair, rigoureux et humain, pour que chaque accompagnement soit vraiment utile.<\/p>\n\n\n\n<p style=\"letter-spacing:-0.5px\">Kheminos est n\u00e9 d\u2019une conviction simple :<\/p>\n\n\n\n<div style=\"height:10px\" aria-hidden=\"true\" class=\"wp-block-spacer\"><\/div>\n\n\n\n<blockquote class=\"wp-block-quote has-text-align-left has-border-color is-layout-flow wp-block-quote-is-layout-flow\" style=\"border-color:#f8f4ef;border-width:12px;font-size:21px\">\n<p class=\"has-text-align-center\" style=\"letter-spacing:-0.5px\"><strong>La conformit\u00e9 r\u00e9glementaire doit \u00eatre accessible \u00e0 tous, sans complexit\u00e9 ni contrainte excessive.<\/strong><\/p>\n<\/blockquote>\n\n\n\n<div style=\"height:5px\" aria-hidden=\"true\" class=\"wp-block-spacer\"><\/div>\n\n\n\n<div style=\"height:5px\" aria-hidden=\"true\" class=\"wp-block-spacer\"><\/div>\n\n\n\n<div class=\"wp-block-columns is-layout-flex wp-container-core-columns-is-layout-28f84493 wp-block-columns-is-layout-flex\">\n<div class=\"wp-block-column has-background is-layout-flow wp-container-core-column-is-layout-4d28e853 wp-block-column-is-layout-flow\" style=\"border-radius:12px;background-color:#f5eee8;padding-top:20px;padding-right:20px;padding-bottom:20px;padding-left:20px\">\n<div class=\"wp-block-group is-layout-constrained wp-block-group-is-layout-constrained\">\n<h3 class=\"wp-block-heading has-text-align-center\" style=\"font-size:20px;letter-spacing:-0.5px\">\u00c9coute active \u2013 Comprendre avant d\u2019agir pour proposer la bonne solution<\/h3>\n<\/div>\n\n\n\n<p class=\"has-text-align-center\" style=\"font-size:16px;letter-spacing:-0.5px\">Plut\u00f4t que d\u2019imposer un mod\u00e8le, nous \u00e9coutons ce que vous vivez, vos contraintes, vos doutes. Cette posture permet d\u2019offrir un accompagnement r\u00e9ellement adapt\u00e9.<\/p>\n<\/div>\n\n\n\n<div class=\"wp-block-column has-background is-layout-flow wp-container-core-column-is-layout-4c794d7b wp-block-column-is-layout-flow\" style=\"border-radius:12px;background-color:#f5eee8;padding-top:20px;padding-right:20px;padding-bottom:20px;padding-left:20px\">\n<h3 class=\"wp-block-heading has-text-align-center\" style=\"font-size:20px;letter-spacing:-0.5px\">Clart\u00e9 \u2013 Rendre la r\u00e9glementation lisible et compr\u00e9hensible<\/h3>\n\n\n\n<p class=\"has-text-align-center\" style=\"font-size:16px;letter-spacing:-0.5px\">Nous souhaitons rendre la r\u00e9glementation compr\u00e9hensible, m\u00eame pour des profils non techniques. Chaque \u00e9change, livrable ou formation vise \u00e0 apporter de la lisibilit\u00e9, de la structure et du sens \u00e0 vos obligations r\u00e9glementaires.<\/p>\n<\/div>\n<\/div>\n\n\n\n<div class=\"wp-block-columns is-layout-flex wp-container-core-columns-is-layout-28f84493 wp-block-columns-is-layout-flex\">\n<div class=\"wp-block-column has-background is-layout-flow wp-container-core-column-is-layout-4c794d7b wp-block-column-is-layout-flow\" style=\"border-radius:12px;background-color:#f5eee8;padding-top:20px;padding-right:20px;padding-bottom:20px;padding-left:20px\">\n<div class=\"wp-block-group is-layout-constrained wp-block-group-is-layout-constrained\">\n<h3 class=\"wp-block-heading has-text-align-center\" style=\"font-size:20px;letter-spacing:-0.5px\">Rigueur &#8211; Chaque d\u00e9tail compte<\/h3>\n<\/div>\n\n\n\n<p class=\"has-text-align-center\" style=\"font-size:16px;letter-spacing:-0.5px\">Qu\u2019il s\u2019agisse de la r\u00e9daction d\u2019une FDS ou de l\u2019analyse d\u2019un cahier des charges, nous travaillons avec pr\u00e9cision et m\u00e9thode, en coh\u00e9rence avec les exigences r\u00e9glementaires.<\/p>\n<\/div>\n\n\n\n<div class=\"wp-block-column has-background is-layout-flow wp-container-core-column-is-layout-4c794d7b wp-block-column-is-layout-flow\" style=\"border-radius:12px;background-color:#f5eee8;padding-top:20px;padding-right:20px;padding-bottom:20px;padding-left:20px\">\n<h3 class=\"wp-block-heading has-text-align-center\" style=\"font-size:20px;letter-spacing:-0.5px\">Responsabilit\u00e9 \u2013 Des d\u00e9lais r\u00e9alistes, tenus, au service de la qualit\u00e9<\/h3>\n\n\n\n<p class=\"has-text-align-center\" style=\"font-size:16px;letter-spacing:-0.5px\">Chez Kheminos, nous privil\u00e9gions une r\u00e9activit\u00e9 fiable : des d\u00e9lais r\u00e9alistes, tenus et toujours au service de la qualit\u00e9.<\/p>\n<\/div>\n<\/div>\n\n\n\n<div style=\"height:5px\" aria-hidden=\"true\" class=\"wp-block-spacer\"><\/div>\n\n\n\n<p class=\"has-text-align-center\"><strong>Ces valeurs sont au c\u0153ur de Kheminos et soutiennent, \u00e0 chaque \u00e9tape, la conviction d\u2019une conformit\u00e9 claire, durable et sereine.<\/strong><\/p>\n\n\n\n<p><\/p>\n","protected":false},"excerpt":{"rendered":"<p>Nos valeurs chez Kheminos Chez Kheminos, nous gardons toujours les m\u00eames rep\u00e8res : \u00eatre clair, rigoureux et humain, pour que [&hellip;]<\/p>\n","protected":false},"author":1,"featured_media":0,"parent":0,"menu_order":0,"comment_status":"closed","ping_status":"closed","template":"","meta":{"site-sidebar-layout":"default","site-content-layout":"","ast-site-content-layout":"default","site-content-style":"default","site-sidebar-style":"default","ast-global-header-display":"","ast-banner-title-visibility":"","ast-main-header-display":"","ast-hfb-above-header-display":"","ast-hfb-below-header-display":"","ast-hfb-mobile-header-display":"","site-post-title":"disabled","ast-breadcrumbs-content":"","ast-featured-img":"","footer-sml-layout":"","theme-transparent-header-meta":"","adv-header-id-meta":"","stick-header-meta":"","header-above-stick-meta":"","header-main-stick-meta":"","header-below-stick-meta":"","astra-migrate-meta-layouts":"default","ast-page-background-enabled":"default","ast-page-background-meta":{"desktop":{"background-color":"var(--ast-global-color-5)","background-image":"","background-repeat":"repeat","background-position":"center center","background-size":"auto","background-attachment":"scroll","background-type":"","background-media":"","overlay-type":"","overlay-color":"","overlay-opacity":"","overlay-gradient":""},"tablet":{"background-color":"","background-image":"","background-repeat":"repeat","background-position":"center center","background-size":"auto","background-attachment":"scroll","background-type":"","background-media":"","overlay-type":"","overlay-color":"","overlay-opacity":"","overlay-gradient":""},"mobile":{"background-color":"","background-image":"","background-repeat":"repeat","background-position":"center center","background-size":"auto","background-attachment":"scroll","background-type":"","background-media":"","overlay-type":"","overlay-color":"","overlay-opacity":"","overlay-gradient":""}},"ast-content-background-meta":{"desktop":{"background-color":"var(--ast-global-color-4)","background-image":"","background-repeat":"repeat","background-position":"center center","background-size":"auto","background-attachment":"scroll","background-type":"","background-media":"","overlay-type":"","overlay-color":"","overlay-opacity":"","overlay-gradient":""},"tablet":{"background-color":"var(--ast-global-color-4)","background-image":"","background-repeat":"repeat","background-position":"center center","background-size":"auto","background-attachment":"scroll","background-type":"","background-media":"","overlay-type":"","overlay-color":"","overlay-opacity":"","overlay-gradient":""},"mobile":{"background-color":"var(--ast-global-color-4)","background-image":"","background-repeat":"repeat","background-position":"center center","background-size":"auto","background-attachment":"scroll","background-type":"","background-media":"","overlay-type":"","overlay-color":"","overlay-opacity":"","overlay-gradient":""}},"footnotes":""},"class_list":["post-56","page","type-page","status-publish","hentry"],"_links":{"self":[{"href":"https:\/\/kheminos.com\/index.php\/wp-json\/wp\/v2\/pages\/56","targetHints":{"allow":["GET"]}}],"collection":[{"href":"https:\/\/kheminos.com\/index.php\/wp-json\/wp\/v2\/pages"}],"about":[{"href":"https:\/\/kheminos.com\/index.php\/wp-json\/wp\/v2\/types\/page"}],"author":[{"embeddable":true,"href":"https:\/\/kheminos.com\/index.php\/wp-json\/wp\/v2\/users\/1"}],"replies":[{"embeddable":true,"href":"https:\/\/kheminos.com\/index.php\/wp-json\/wp\/v2\/comments?post=56"}],"version-history":[{"count":11,"href":"https:\/\/kheminos.com\/index.php\/wp-json\/wp\/v2\/pages\/56\/revisions"}],"predecessor-version":[{"id":130,"href":"https:\/\/kheminos.com\/index.php\/wp-json\/wp\/v2\/pages\/56\/revisions\/130"}],"wp:attachment":[{"href":"https:\/\/kheminos.com\/index.php\/wp-json\/wp\/v2\/media?parent=56"}],"curies":[{"name":"wp","href":"https:\/\/api.w.org\/{rel}","templated":true}]}}